{"id":13619,"date":"2020-05-18T16:29:21","date_gmt":"2020-05-18T15:29:21","guid":{"rendered":"http:\/\/www.laeuferriege-neuenkirch.ch\/?page_id=13619"},"modified":"2026-03-03T16:17:28","modified_gmt":"2026-03-03T15:17:28","slug":"leiter-2","status":"publish","type":"page","link":"https:\/\/www.laeuferriege-neuenkirch.ch\/?page_id=13619","title":{"rendered":"Leiter"},"content":{"rendered":"\n<h2 class=\"wp-block-heading has-larger-font-size\">Ansprechperson<\/h2>\n\n\n\n<div class=\"wp-block-group alignwide\"><div class=\"wp-block-group__inner-container is-layout-flow wp-block-group-is-layout-flow\">\n<div class=\"wp-block-media-text alignwide\" style=\"grid-template-columns:32% auto\"><figure class=\"wp-block-media-text__media\"><img loading=\"lazy\" decoding=\"async\" width=\"359\" height=\"340\" src=\"https:\/\/www.laeuferriege-neuenkirch.ch\/wp-content\/uploads\/2020\/05\/logo-anonym.png\" alt=\"\" class=\"wp-image-13620 size-full\" srcset=\"https:\/\/www.laeuferriege-neuenkirch.ch\/wp-content\/uploads\/2020\/05\/logo-anonym.png 359w, https:\/\/www.laeuferriege-neuenkirch.ch\/wp-content\/uploads\/2020\/05\/logo-anonym-300x284.png 300w, https:\/\/www.laeuferriege-neuenkirch.ch\/wp-content\/uploads\/2020\/05\/logo-anonym-75x71.png 75w\" sizes=\"auto, (max-width: 359px) 100vw, 359px\" \/><\/figure><div class=\"wp-block-media-text__content\">\n<h3 class=\"wp-block-heading\">Tamara Hirschi<\/h3>\n\n\n\n<p>078 748 67 70<br>t.s.hirschi@gmail.com<\/p>\n\n\n\n<p><a href=\"mailto:tamara@FamilyHirschi.ch\">tamara@FamilyHirschi<\/a><br><a href=\"mailto:tamara@FamilyHirschi.ch\">tamara@FamilyHirschi.ch<\/a><\/p>\n<\/div><\/div>\n<\/div><\/div>\n\n\n\n<h2 class=\"wp-block-heading has-larger-font-size\">Leiter<\/h2>\n\n\n\n<div class=\"wp-block-media-text alignwide\" style=\"grid-template-columns:32% auto\"><figure class=\"wp-block-media-text__media\"><img loading=\"lazy\" decoding=\"async\" width=\"771\" height=\"1024\" src=\"https:\/\/www.laeuferriege-neuenkirch.ch\/wp-content\/uploads\/2026\/02\/PXL_20251211_175830733-771x1024.jpg\" alt=\"\" class=\"wp-image-14317 size-full\" srcset=\"https:\/\/www.laeuferriege-neuenkirch.ch\/wp-content\/uploads\/2026\/02\/PXL_20251211_175830733-771x1024.jpg 771w, https:\/\/www.laeuferriege-neuenkirch.ch\/wp-content\/uploads\/2026\/02\/PXL_20251211_175830733-226x300.jpg 226w, https:\/\/www.laeuferriege-neuenkirch.ch\/wp-content\/uploads\/2026\/02\/PXL_20251211_175830733-56x75.jpg 56w, https:\/\/www.laeuferriege-neuenkirch.ch\/wp-content\/uploads\/2026\/02\/PXL_20251211_175830733-768x1020.jpg 768w, https:\/\/www.laeuferriege-neuenkirch.ch\/wp-content\/uploads\/2026\/02\/PXL_20251211_175830733-1157x1536.jpg 1157w, https:\/\/www.laeuferriege-neuenkirch.ch\/wp-content\/uploads\/2026\/02\/PXL_20251211_175830733-1542x2048.jpg 1542w, https:\/\/www.laeuferriege-neuenkirch.ch\/wp-content\/uploads\/2026\/02\/PXL_20251211_175830733-scaled.jpg 1928w\" sizes=\"auto, (max-width: 771px) 100vw, 771px\" \/><\/figure><div class=\"wp-block-media-text__content\">\n<h3 class=\"wp-block-heading\">Nicola Krummenacher<\/h3>\n\n\n\n<p><\/p>\n<\/div><\/div>\n\n\n\n<div class=\"wp-block-media-text alignwide\" style=\"grid-template-columns:32% auto\"><figure class=\"wp-block-media-text__media\"><img loading=\"lazy\" decoding=\"async\" width=\"771\" height=\"1024\" src=\"https:\/\/www.laeuferriege-neuenkirch.ch\/wp-content\/uploads\/2026\/02\/PXL_20251211_194350578-771x1024.jpg\" alt=\"\" class=\"wp-image-14319 size-full\" srcset=\"https:\/\/www.laeuferriege-neuenkirch.ch\/wp-content\/uploads\/2026\/02\/PXL_20251211_194350578-771x1024.jpg 771w, https:\/\/www.laeuferriege-neuenkirch.ch\/wp-content\/uploads\/2026\/02\/PXL_20251211_194350578-226x300.jpg 226w, https:\/\/www.laeuferriege-neuenkirch.ch\/wp-content\/uploads\/2026\/02\/PXL_20251211_194350578-56x75.jpg 56w, https:\/\/www.laeuferriege-neuenkirch.ch\/wp-content\/uploads\/2026\/02\/PXL_20251211_194350578-768x1020.jpg 768w, https:\/\/www.laeuferriege-neuenkirch.ch\/wp-content\/uploads\/2026\/02\/PXL_20251211_194350578-1157x1536.jpg 1157w, https:\/\/www.laeuferriege-neuenkirch.ch\/wp-content\/uploads\/2026\/02\/PXL_20251211_194350578-1542x2048.jpg 1542w, https:\/\/www.laeuferriege-neuenkirch.ch\/wp-content\/uploads\/2026\/02\/PXL_20251211_194350578-scaled.jpg 1928w\" sizes=\"auto, (max-width: 771px) 100vw, 771px\" \/><\/figure><div class=\"wp-block-media-text__content\">\n<h3 class=\"wp-block-heading\">Barbara Schnyder<\/h3>\n\n\n\n<p><\/p>\n<\/div><\/div>\n\n\n\n<div class=\"wp-block-media-text alignwide\" style=\"grid-template-columns:32% auto\"><figure class=\"wp-block-media-text__media\"><img loading=\"lazy\" decoding=\"async\" width=\"771\" height=\"1024\" src=\"https:\/\/www.laeuferriege-neuenkirch.ch\/wp-content\/uploads\/2026\/02\/PXL_20251211_194513929-771x1024.jpg\" alt=\"\" class=\"wp-image-14320 size-full\" srcset=\"https:\/\/www.laeuferriege-neuenkirch.ch\/wp-content\/uploads\/2026\/02\/PXL_20251211_194513929-771x1024.jpg 771w, https:\/\/www.laeuferriege-neuenkirch.ch\/wp-content\/uploads\/2026\/02\/PXL_20251211_194513929-226x300.jpg 226w, https:\/\/www.laeuferriege-neuenkirch.ch\/wp-content\/uploads\/2026\/02\/PXL_20251211_194513929-56x75.jpg 56w, https:\/\/www.laeuferriege-neuenkirch.ch\/wp-content\/uploads\/2026\/02\/PXL_20251211_194513929-768x1020.jpg 768w, https:\/\/www.laeuferriege-neuenkirch.ch\/wp-content\/uploads\/2026\/02\/PXL_20251211_194513929-1157x1536.jpg 1157w, https:\/\/www.laeuferriege-neuenkirch.ch\/wp-content\/uploads\/2026\/02\/PXL_20251211_194513929-1542x2048.jpg 1542w, https:\/\/www.laeuferriege-neuenkirch.ch\/wp-content\/uploads\/2026\/02\/PXL_20251211_194513929-scaled.jpg 1928w\" sizes=\"auto, (max-width: 771px) 100vw, 771px\" \/><\/figure><div class=\"wp-block-media-text__content\">\n<h3 class=\"wp-block-heading\">Christian Schnyder<\/h3>\n\n\n\n<p><\/p>\n<\/div><\/div>\n\n\n\n<div class=\"wp-block-media-text alignwide\" style=\"grid-template-columns:32% auto\"><figure class=\"wp-block-media-text__media\"><img loading=\"lazy\" decoding=\"async\" width=\"771\" height=\"1024\" src=\"https:\/\/www.laeuferriege-neuenkirch.ch\/wp-content\/uploads\/2026\/02\/PXL_20251211_175939898-771x1024.jpg\" alt=\"\" class=\"wp-image-14321 size-full\" srcset=\"https:\/\/www.laeuferriege-neuenkirch.ch\/wp-content\/uploads\/2026\/02\/PXL_20251211_175939898-771x1024.jpg 771w, https:\/\/www.laeuferriege-neuenkirch.ch\/wp-content\/uploads\/2026\/02\/PXL_20251211_175939898-226x300.jpg 226w, https:\/\/www.laeuferriege-neuenkirch.ch\/wp-content\/uploads\/2026\/02\/PXL_20251211_175939898-56x75.jpg 56w, https:\/\/www.laeuferriege-neuenkirch.ch\/wp-content\/uploads\/2026\/02\/PXL_20251211_175939898-768x1020.jpg 768w, https:\/\/www.laeuferriege-neuenkirch.ch\/wp-content\/uploads\/2026\/02\/PXL_20251211_175939898-1157x1536.jpg 1157w, https:\/\/www.laeuferriege-neuenkirch.ch\/wp-content\/uploads\/2026\/02\/PXL_20251211_175939898-1542x2048.jpg 1542w, https:\/\/www.laeuferriege-neuenkirch.ch\/wp-content\/uploads\/2026\/02\/PXL_20251211_175939898-scaled.jpg 1928w\" sizes=\"auto, (max-width: 771px) 100vw, 771px\" \/><\/figure><div class=\"wp-block-media-text__content\">\n<h3 class=\"wp-block-heading\">Lisa Sch\u00fcpbach<\/h3>\n\n\n\n<p><\/p>\n<\/div><\/div>\n\n\n\n<div class=\"wp-block-media-text alignwide\" style=\"grid-template-columns:32% auto\"><figure class=\"wp-block-media-text__media\"><img loading=\"lazy\" decoding=\"async\" width=\"359\" height=\"340\" src=\"https:\/\/www.laeuferriege-neuenkirch.ch\/wp-content\/uploads\/2020\/05\/logo-anonym.png\" alt=\"\" class=\"wp-image-13620 size-full\" srcset=\"https:\/\/www.laeuferriege-neuenkirch.ch\/wp-content\/uploads\/2020\/05\/logo-anonym.png 359w, https:\/\/www.laeuferriege-neuenkirch.ch\/wp-content\/uploads\/2020\/05\/logo-anonym-300x284.png 300w, https:\/\/www.laeuferriege-neuenkirch.ch\/wp-content\/uploads\/2020\/05\/logo-anonym-75x71.png 75w\" sizes=\"auto, (max-width: 359px) 100vw, 359px\" \/><\/figure><div class=\"wp-block-media-text__content\">\n<h3 class=\"wp-block-heading\">Silvan Schnyder<\/h3>\n\n\n\n<p><\/p>\n<\/div><\/div>\n\n\n\n<div class=\"wp-block-media-text alignwide\" style=\"grid-template-columns:33% auto\"><figure class=\"wp-block-media-text__media\"><img loading=\"lazy\" decoding=\"async\" width=\"771\" height=\"1024\" src=\"https:\/\/www.laeuferriege-neuenkirch.ch\/wp-content\/uploads\/2026\/02\/PXL_20251211_175923005-771x1024.jpg\" alt=\"\" class=\"wp-image-14322 size-full\" srcset=\"https:\/\/www.laeuferriege-neuenkirch.ch\/wp-content\/uploads\/2026\/02\/PXL_20251211_175923005-771x1024.jpg 771w, https:\/\/www.laeuferriege-neuenkirch.ch\/wp-content\/uploads\/2026\/02\/PXL_20251211_175923005-226x300.jpg 226w, https:\/\/www.laeuferriege-neuenkirch.ch\/wp-content\/uploads\/2026\/02\/PXL_20251211_175923005-56x75.jpg 56w, https:\/\/www.laeuferriege-neuenkirch.ch\/wp-content\/uploads\/2026\/02\/PXL_20251211_175923005-768x1020.jpg 768w, https:\/\/www.laeuferriege-neuenkirch.ch\/wp-content\/uploads\/2026\/02\/PXL_20251211_175923005-1157x1536.jpg 1157w, https:\/\/www.laeuferriege-neuenkirch.ch\/wp-content\/uploads\/2026\/02\/PXL_20251211_175923005-1542x2048.jpg 1542w, https:\/\/www.laeuferriege-neuenkirch.ch\/wp-content\/uploads\/2026\/02\/PXL_20251211_175923005-scaled.jpg 1928w\" sizes=\"auto, (max-width: 771px) 100vw, 771px\" \/><\/figure><div class=\"wp-block-media-text__content\">\n<h3 class=\"wp-block-heading\">Daniel K\u00e4lin<\/h3>\n\n\n\n<p><\/p>\n<\/div><\/div>\n\n\n\n<div class=\"wp-block-media-text alignwide\" style=\"grid-template-columns:32% auto\"><figure class=\"wp-block-media-text__media\"><img loading=\"lazy\" decoding=\"async\" width=\"771\" height=\"1024\" src=\"https:\/\/www.laeuferriege-neuenkirch.ch\/wp-content\/uploads\/2026\/03\/PXL_20251211_194432713-771x1024.jpg\" alt=\"\" class=\"wp-image-14330 size-full\" srcset=\"https:\/\/www.laeuferriege-neuenkirch.ch\/wp-content\/uploads\/2026\/03\/PXL_20251211_194432713-771x1024.jpg 771w, https:\/\/www.laeuferriege-neuenkirch.ch\/wp-content\/uploads\/2026\/03\/PXL_20251211_194432713-226x300.jpg 226w, https:\/\/www.laeuferriege-neuenkirch.ch\/wp-content\/uploads\/2026\/03\/PXL_20251211_194432713-56x75.jpg 56w, https:\/\/www.laeuferriege-neuenkirch.ch\/wp-content\/uploads\/2026\/03\/PXL_20251211_194432713-768x1020.jpg 768w, https:\/\/www.laeuferriege-neuenkirch.ch\/wp-content\/uploads\/2026\/03\/PXL_20251211_194432713-1157x1536.jpg 1157w, https:\/\/www.laeuferriege-neuenkirch.ch\/wp-content\/uploads\/2026\/03\/PXL_20251211_194432713-1542x2048.jpg 1542w, https:\/\/www.laeuferriege-neuenkirch.ch\/wp-content\/uploads\/2026\/03\/PXL_20251211_194432713-scaled.jpg 1928w\" sizes=\"auto, (max-width: 771px) 100vw, 771px\" \/><\/figure><div class=\"wp-block-media-text__content\">\n<h3 class=\"wp-block-heading\">Kim Hirschi<\/h3>\n\n\n\n<p><\/p>\n<\/div><\/div>\n\n\n\n<div class=\"wp-block-media-text alignwide\" style=\"grid-template-columns:32% auto\"><figure class=\"wp-block-media-text__media\"><img loading=\"lazy\" decoding=\"async\" width=\"359\" height=\"340\" src=\"https:\/\/www.laeuferriege-neuenkirch.ch\/wp-content\/uploads\/2020\/05\/logo-anonym.png\" alt=\"\" class=\"wp-image-13620 size-full\" srcset=\"https:\/\/www.laeuferriege-neuenkirch.ch\/wp-content\/uploads\/2020\/05\/logo-anonym.png 359w, https:\/\/www.laeuferriege-neuenkirch.ch\/wp-content\/uploads\/2020\/05\/logo-anonym-300x284.png 300w, https:\/\/www.laeuferriege-neuenkirch.ch\/wp-content\/uploads\/2020\/05\/logo-anonym-75x71.png 75w\" sizes=\"auto, (max-width: 359px) 100vw, 359px\" \/><\/figure><div class=\"wp-block-media-text__content\">\n<h3 class=\"wp-block-heading\">Sinah Gr\u00fcter<\/h3>\n\n\n\n<p><\/p>\n<\/div><\/div>\n\n\n\n<h1 class=\"wp-block-heading has-larger-font-size\"><br>Hilfsleiter<\/h1>\n\n\n\n<div class=\"wp-block-media-text alignwide\" style=\"grid-template-columns:32% auto\"><figure class=\"wp-block-media-text__media\"><img loading=\"lazy\" decoding=\"async\" width=\"604\" height=\"812\" src=\"https:\/\/www.laeuferriege-neuenkirch.ch\/wp-content\/uploads\/2025\/06\/Maurin_Wuethrich.jpg\" alt=\"\" class=\"wp-image-14239 size-full\" srcset=\"https:\/\/www.laeuferriege-neuenkirch.ch\/wp-content\/uploads\/2025\/06\/Maurin_Wuethrich.jpg 604w, https:\/\/www.laeuferriege-neuenkirch.ch\/wp-content\/uploads\/2025\/06\/Maurin_Wuethrich-223x300.jpg 223w, https:\/\/www.laeuferriege-neuenkirch.ch\/wp-content\/uploads\/2025\/06\/Maurin_Wuethrich-56x75.jpg 56w\" sizes=\"auto, (max-width: 604px) 100vw, 604px\" \/><\/figure><div class=\"wp-block-media-text__content\">\n<h3 class=\"wp-block-heading\">Maurin W\u00fcthrich<\/h3>\n\n\n\n<p><\/p>\n<\/div><\/div>\n\n\n\n<div class=\"wp-block-media-text alignwide\" style=\"grid-template-columns:32% auto\"><figure class=\"wp-block-media-text__media\"><img loading=\"lazy\" decoding=\"async\" width=\"771\" height=\"1024\" src=\"https:\/\/www.laeuferriege-neuenkirch.ch\/wp-content\/uploads\/2026\/02\/PXL_20251211_175849095-771x1024.jpg\" alt=\"\" class=\"wp-image-14323 size-full\" srcset=\"https:\/\/www.laeuferriege-neuenkirch.ch\/wp-content\/uploads\/2026\/02\/PXL_20251211_175849095-771x1024.jpg 771w, https:\/\/www.laeuferriege-neuenkirch.ch\/wp-content\/uploads\/2026\/02\/PXL_20251211_175849095-226x300.jpg 226w, https:\/\/www.laeuferriege-neuenkirch.ch\/wp-content\/uploads\/2026\/02\/PXL_20251211_175849095-56x75.jpg 56w, https:\/\/www.laeuferriege-neuenkirch.ch\/wp-content\/uploads\/2026\/02\/PXL_20251211_175849095-768x1020.jpg 768w, https:\/\/www.laeuferriege-neuenkirch.ch\/wp-content\/uploads\/2026\/02\/PXL_20251211_175849095-1157x1536.jpg 1157w, https:\/\/www.laeuferriege-neuenkirch.ch\/wp-content\/uploads\/2026\/02\/PXL_20251211_175849095-1542x2048.jpg 1542w, https:\/\/www.laeuferriege-neuenkirch.ch\/wp-content\/uploads\/2026\/02\/PXL_20251211_175849095-scaled.jpg 1928w\" sizes=\"auto, (max-width: 771px) 100vw, 771px\" \/><\/figure><div class=\"wp-block-media-text__content\">\n<h3 class=\"wp-block-heading\">Lenni Jaun<\/h3>\n\n\n\n<p><\/p>\n<\/div><\/div>\n\n\n\n<h2 class=\"wp-block-heading has-larger-font-size\">Administration<\/h2>\n\n\n\n<div class=\"wp-block-media-text alignwide\" style=\"grid-template-columns:33% auto\"><figure class=\"wp-block-media-text__media\"><img loading=\"lazy\" decoding=\"async\" width=\"359\" height=\"340\" src=\"https:\/\/www.laeuferriege-neuenkirch.ch\/wp-content\/uploads\/2020\/05\/logo-anonym.png\" alt=\"\" class=\"wp-image-13620 size-full\" srcset=\"https:\/\/www.laeuferriege-neuenkirch.ch\/wp-content\/uploads\/2020\/05\/logo-anonym.png 359w, https:\/\/www.laeuferriege-neuenkirch.ch\/wp-content\/uploads\/2020\/05\/logo-anonym-300x284.png 300w, https:\/\/www.laeuferriege-neuenkirch.ch\/wp-content\/uploads\/2020\/05\/logo-anonym-75x71.png 75w\" sizes=\"auto, (max-width: 359px) 100vw, 359px\" \/><\/figure><div class=\"wp-block-media-text__content\">\n<h3 class=\"wp-block-heading\">Nadine Zurbriggen<\/h3>\n\n\n\n<p><\/p>\n\n\n\n<p><br><\/p>\n<\/div><\/div>\n\n\n\n<p><\/p>\n","protected":false},"excerpt":{"rendered":"<p>Ansprechperson Tamara Hirschi 078 748 67 70t.s.hirschi@gmail.com tamara@FamilyHirschitamara@FamilyHirschi.ch Leiter Nicola Krummenacher Barbara Schnyder Christian Schnyder Lisa Sch\u00fcpbach Silvan Schnyder Daniel K\u00e4lin Kim Hirschi Sinah Gr\u00fcter &hellip;<\/p>\n","protected":false},"author":2,"featured_media":0,"parent":0,"menu_order":41,"comment_status":"closed","ping_status":"closed","template":"","meta":{"_themeisle_gutenberg_block_has_review":false,"footnotes":""},"class_list":["post-13619","page","type-page","status-publish","hentry"],"_links":{"self":[{"href":"https:\/\/www.laeuferriege-neuenkirch.ch\/index.php?rest_route=\/wp\/v2\/pages\/13619","targetHints":{"allow":["GET"]}}],"collection":[{"href":"https:\/\/www.laeuferriege-neuenkirch.ch\/index.php?rest_route=\/wp\/v2\/pages"}],"about":[{"href":"https:\/\/www.laeuferriege-neuenkirch.ch\/index.php?rest_route=\/wp\/v2\/types\/page"}],"author":[{"embeddable":true,"href":"https:\/\/www.laeuferriege-neuenkirch.ch\/index.php?rest_route=\/wp\/v2\/users\/2"}],"replies":[{"embeddable":true,"href":"https:\/\/www.laeuferriege-neuenkirch.ch\/index.php?rest_route=%2Fwp%2Fv2%2Fcomments&post=13619"}],"version-history":[{"count":26,"href":"https:\/\/www.laeuferriege-neuenkirch.ch\/index.php?rest_route=\/wp\/v2\/pages\/13619\/revisions"}],"predecessor-version":[{"id":14331,"href":"https:\/\/www.laeuferriege-neuenkirch.ch\/index.php?rest_route=\/wp\/v2\/pages\/13619\/revisions\/14331"}],"wp:attachment":[{"href":"https:\/\/www.laeuferriege-neuenkirch.ch\/index.php?rest_route=%2Fwp%2Fv2%2Fmedia&parent=13619"}],"curies":[{"name":"wp","href":"https:\/\/api.w.org\/{rel}","templated":true}]}}